{"id":2489,"date":"2018-11-20T00:20:25","date_gmt":"2018-11-19T22:20:25","guid":{"rendered":"https:\/\/estofestival.com\/?page_id=2489"},"modified":"2025-07-01T12:22:12","modified_gmt":"2025-07-01T09:22:12","slug":"programme","status":"publish","type":"page","link":"https:\/\/estofestival.com\/en\/programme\/","title":{"rendered":"Programme"},"content":{"rendered":"<p style=\"text-align: center;\"><span style=\"font-size: 14pt;\"><a href=\"#sto\">STOCKHOLM<\/a><span class=\"st\">\u00a0 |\u00a0 <\/span><a href=\"#nar\">NARVA<\/a><span class=\"st\">\u00a0 |\u00a0 <\/span><span class=\"st\"><a href=\"#tal\">TALLINN<\/a><a id=\"sto\"><\/a><\/span><\/span><\/p>\n<h2><strong>STOCKHOLM<\/strong><\/h2>\n<h3><em>Wednesday, 25 June<\/em><\/h3>\n<p><strong>ESTO Eve<br \/>\n<\/strong>17:00\u201318:30 TOUR <a href=\"https:\/\/estofestival.com\/en\/estonian-cultural-trails-stockholm-forest-cemetery\/\" target=\"_blank\" rel=\"noopener\">Estonian Cultural Trails, Skogskyrkog\u00e5rden<\/a><br \/>\n20:00\u201321:00 CONCERT<a href=\"https:\/\/estofestival.com\/en\/cyrillus-kreek-requiem\/\" target=\"_blank\" rel=\"noopener\"> Cyrillius Kreek\u2019s \u201cRequiem\u201d<\/a>, Church of Catherine, H\u00f6gbergsgatan 13 A\u00a0<br \/>\n18:00\u201300:00 <a href=\"https:\/\/estofestival.com\/en\/esto-eve-in-stockholm\/\" target=\"_blank\" rel=\"noopener\">ESTO Eve<\/a>, Estonian House, Wallingatan 34<br \/>\n&#8211; 19:00 <a href=\"https:\/\/estofestival.com\/en\/violin-ensemble-viiulised-and-rae-hobby-school-folk-music-ensemble\/\" target=\"_blank\" rel=\"noopener\">Violin ensemble Viiulised and Rae Hobby School Folk Music Ensemble<\/a><br \/>\n&#8211; 22:30 Youth party, jazz club<br \/>\n21:00\u201300:00 <a href=\"https:\/\/estofestival.com\/en\/esto-eve-in-stockholm\/\" target=\"_blank\" rel=\"noopener\">ESTO Eve<\/a>, Scala Theatre Foyer, Estonian House, Wallingatan 34<br \/>\nFree admission<\/p>\n<h3><em>Thursday, 26 June<\/em><\/h3>\n<p>\n<strong>Day ticket to Skansen<\/strong> can be purchased at the main entrance box office. Free fo ESTO pass holders and performers.<\/p>\n<p>12:00\u201318:00 <strong>Estonian Handicraft Fair<\/strong>, Skansen, Solliden<br \/>\n12:00\u201315:55 <strong>Folkmusic<\/strong>, Solliden<br \/>\n&#8211; 12:00\u201312:25 Violin ensemble Viiulised and Rae Hobby School Folk Music <br \/>\nEnsemble<br \/>\n&#8211; 12:30\u201312:55 Seto Runic Choir \u2018Holders of Runic Songs\u2019 <br \/>\n&#8211; 13:00\u201313:25 Violin ensemble Viiulised and Rae Hobby School Folk Music <br \/>\nEnsemble<br \/>\n&#8211; 13:30\u201313:40 Seto Runic Choir \u2018Holders of Runic Songs\u2019<br \/>\n&#8211; 15:45\u201315:55 Seto Runic Choir \u2018Holders of Runic Songs\u2019<\/p>\n<p>14:00\u201315:30 <strong>Kids&#8217; program<\/strong>, Skansen, Tingsvallen<br \/>\n&#8211; 14:00\u201315:00 Family Picnic<br \/>\n&#8211; 14:00\u201317:00 Book Exchange<br \/>\n&#8211; 14:00\u201317:00 ESTO 2025 Canvas Painting<br \/>\n&#8211; 14:30\u201315:00 Folklore Games with Violin ensemble Viiulised and Rae Hobby School Folk Music Ensemble<br \/>\n16:00\u201317:30 <a href=\"https:\/\/estofestival.com\/en\/esto-opening-concert-windows-of-time-bringing-together-the-past-present-and-future\/\" target=\"_blank\" rel=\"noopener\"><strong>ESTO Opening Ceremony<\/strong>, concert &#8220;Windows of Time&#8221;<\/a>, Skansen, Solliden<\/p>\n<p>18:00\u201300:00<strong> <a href=\"https:\/\/estofestival.com\/en\/esto-2025-stockholm-secret-pub-night\/\" target=\"_blank\" rel=\"noopener\">Secret pub<\/a><\/strong>, Estonian House Wallingatan 34<br \/>\n&#8211; 21:00\u201322:00 Seto Runic Choir \u201cHolders of Runic Songs\u201d, 1st floor<br \/>\n&#8211; 21:00\u201300:00 DJ Christian Riiser, jazz club<br \/>\n&#8211; 22:00\u201322:45 Saint Petersburg Folklore Group \u201cNeevo\u201d, 1st floor<br \/>\n18:00\u201300:00<strong> Secret pub<\/strong>, Scala Theatre Foyer, Wallingatan 34. Free admission<\/p>\n<h3><em>Friday, 27 June<\/em><\/h3>\n<p>10:00\u201312:00 SEMINAR \u201cMass Flight of 1944\u201d, Estonian House, Wallingatan 34<br \/>\n&#8211; 10:00\u201310:50 Thomas Niit, \u201cRefugee Boat TRIINA\u201d (in English)<br \/>\n&#8211; 11:00\u201312:00 FILM &#8216;The Little Boy\u2019s Escape to the West&#8217; &#8211; Taavi Kaaman and the filmmakers Aili Suiste Rundin, Angelica Suiste (in Estonian with English subtitles)<\/p>\n<p><strong>Excursions<\/strong><br \/>\n&#8211; 12:00\u201314:45 <a href=\"https:\/\/estofestival.com\/en\/estonian-cultural-trails-in-stockholm-with-tiiu-valmet\/\" target=\"_blank\" rel=\"noopener\">Estonian Cultural Trails in Stockholm<\/a> with Tiiu Valmet, registration required<br \/>\n&#8211; 10:00\u201313:00 <a href=\"https:\/\/estofestival.com\/en\/estonian-cultural-trails-stockholm-estonian-school\/\" target=\"_blank\" rel=\"noopener\">Stockholm Estonian School<\/a>, Svartmangatan 20, registration required<\/p>\n<p><strong>Exhibitions, Estonian House, Wallingatan 34<\/strong><br \/>\n&#8211; Estonian Artists in Sweden<br \/>\n&#8211; Estonian Writers in Sweden: Marie Under<br \/>\n&#8211; Mass Flight of 1944<\/p>\n<p><strong>Group Trip across the Baltic Sea<br \/>\n<\/strong>17:30 M\/S Baltic Queen, V\u00e4rtahamnen<br \/>\n&#8211; 22:00 Pop\u2013folk dance group Uppsar<br \/>\n&#8211; 22:20 Koit Toome &amp; band<br \/>\n&#8211; 23:00 Lottery and birthday greetings<br \/>\n&#8211; 23:30 Koit Toome &amp; band<br \/>\n&#8211; 00:00 Pop\u2013folk dance group Uppsar<a id=\"nar\"><\/a><\/p>\n<hr \/>\n<h2><strong>NARVA<\/strong><\/h2>\n<h3><em>Saturday, 28 June<\/em><\/h3>\n<p>10:45 Arrival in Tallinn, Tallink D-Terminal<br \/>\n11:15 Buses for youth delegation departs from Tallinn to Narva,Tallink D\u2013terminal<br \/>\n11:30 Buses for performers depart to Narva, Tallink D\u2013terminal<br \/>\n11:30 Buses for ESTO pass holders depart to Narva\u2013J\u00f5esuu, Tallink D\u2013terminal<br \/>\n14:30 Arrival in Narva-J\u00f5esuu (Hotel check-in)<br \/>\n<span style=\"font-size: 11pt;\">Buses Narva-J\u00f5esuu &#8211; Narva &#8211; Narva-J\u00f5esuu<br \/>\n<\/span> 10:00\u201322:00 <strong>Estonian Food and Handicraft Fair<\/strong>, Narva Castle<br \/>\n12:00 <strong>Soapbox Rally<\/strong> &#8211; self-built engineless car competition, starts at Raja street<br \/>\n13:00\u201318:00 <strong>Artist\u2019s Day<\/strong>, Joala 20, Kreenholm Factory, Narva Art Residency<br \/>\n15:00\u201318:00 YOUTH CONGRESS: <a href=\"https:\/\/estofestival.com\/en\/esto-youth-congress-multilingualism-opens-doors\/\" target=\"_blank\" rel=\"noopener\">\u201cMultilingualism Opens Doors\u201d<\/a>, University of Tartu Narva College, Raekoja plats 2. <a href=\"https:\/\/estofestival.com\/en\/youth-congress-multilingualism-opens-doors-watch-the-live-broadcast\/\" target=\"_blank\" rel=\"noopener\">WATCH THE LIVE BROADCAST &gt;&gt;<\/a><br \/>\n19:00 <strong>Grand procession of all participants<\/strong> (Narva Town Hall &#8211; Narva Castle)<br \/>\n19:30\u201323:00 Opening of Narva City Days and Concert, Narva Castle<br \/>\n20:30 THEATRE <a href=\"https:\/\/estofestival.com\/en\/theatre-perfomance-narva-the-city-we-lost-tickets-available\/\" target=\"_blank\" rel=\"noopener\">\u201cNarva \u2013 The City We Lost\u201d<\/a>, Vabalava, Linda 2<br \/>\n22:00 <a href=\"https:\/\/estofestival.com\/en\/secret-pub-night-in-narva\/\" target=\"_blank\" rel=\"noopener\"><strong>Secret Pub<\/strong>, DJ Ahto K\u00fclvet<\/a>, Vabalava, Linda 2<\/p>\n<p><strong>Sport<\/strong><br \/>\n17:00 <a href=\"https:\/\/www.jooks.ee\/en\/narva\/mile\" target=\"_blank\" rel=\"noopener\">Narva City Run<\/a>: Mile Run 1609 m, \u00c4kkek\u00fcla Sports Center. Read more <a href=\"https:\/\/www.jooks.ee\/en\/narva\/mile\" target=\"_blank\" rel=\"noopener\">HERE &gt;&gt;<\/a><\/p>\n<p><strong>Excursions<\/strong><br \/>\n16:00\u201317.30 <a href=\"https:\/\/estofestival.com\/en\/swedish-narva\/\" target=\"_blank\" rel=\"noopener\">Swedish Narva<\/a>, the upper promenade by the Hahn stairs<br \/>\n17:45\u201318:30 <a href=\"https:\/\/estofestival.com\/en\/victoria-bastion-passages\/\" target=\"_blank\" rel=\"noopener\">Victoria Bastion Passages<\/a>, Pimeaia 3<br \/>\n16:00\u201317:30 <a href=\"https:\/\/estofestival.com\/en\/the-history-of-narva-castle\/\" target=\"_blank\" rel=\"noopener\">The History of Narva Castle<\/a>, Narva museum, Peetri plats 7<br \/>\n17:45\u201318:30 Virtual reality exhibition <a href=\"https:\/\/estofestival.com\/en\/virtual-reality-exhibition-the-new-life-of-old-narva\/\" target=\"_blank\" rel=\"noopener\">\u201cThe new life of Old Narva\u201d<\/a>, Raekoda, Raekoja plats 1<br \/>\n17:45\u201318:30 <a href=\"https:\/\/estofestival.com\/en\/guided-tour-of-narva-town-hall\/\" target=\"_blank\" rel=\"noopener\">Guided tour of Narva Town Hall<\/a>, Raekoja plats 1<br \/>\n16:00\u201317:30 <a href=\"https:\/\/estofestival.com\/en\/sinimaed-blue-mountains-1944\/\" target=\"_blank\" rel=\"noopener\">Sinim\u00e4ed (Blue Mountains) 1944<\/a><\/p>\n<p><strong>Exhibition<br \/>\n<\/strong>ESTO The Keeper of Global Estonianness, Raekoja plats 1<\/p>\n<h3><em>Sunday, 29 June<\/em><\/h3>\n<p>10:00\u201322:00 <strong>Estonian Food and Handicraft Fair<\/strong>, Narva Castle<br \/>\n11:00\u201312:30 CONCERT-SERVICE, <a href=\"https:\/\/estofestival.com\/en\/concert-service-cyrillius-kreeks-requiem-alexanders-cathedral\/\" target=\"_blank\" rel=\"noopener\">Cyrillius Kreek\u2019s \u201cRequiem\u201d<\/a>, Alexander\u2019s Cathedral<br \/>\n12:35\u201312:50<strong> Videoinstallation<\/strong> <a href=\"https:\/\/estofestival.com\/en\/video-installation-the-sky-above-narva\/\" target=\"_blank\" rel=\"noopener\">\u201cThe Sky Above Narva\u201d<\/a>, Alexander\u00b4s Cathedral<br \/>\n13:00\u201314:00 <strong>Excursion <\/strong><a href=\"https:\/\/estofestival.com\/en\/alexanders-cathedral-narva-past-and-present\/\" target=\"_blank\" rel=\"noopener\">Alexander\u00b4s Cathedral, Narva: Past and Present<\/a>, Alexander\u00b4s Cathedral<br \/>\n13:00\u201318:00 <strong>Artist\u2019s Day<\/strong>, Joala 20, Kreenholm Factory, Narva Art Residency<br \/>\n13:30\u201315:00 <strong>Excursion<\/strong> <a href=\"https:\/\/estofestival.com\/en\/kreenholm-the-history-of-the-textile-giant\/\" target=\"_blank\" rel=\"noopener\">Kreenholm: the history of the textile giant<\/a>, Joala 32, registration required<br \/>\n16:00 <strong>Song Festival Flame arrives<\/strong>, Narva Castle<br \/>\n16:30 CONCERT<strong> \u201cESTO SONG\u201d<\/strong>, Narva Castle. <a href=\"https:\/\/estofestival.com\/en\/concert-esto-song-in-narva-watch-the-live-broadcast\/\" target=\"_blank\" rel=\"noopener\">WATCH THE LIVE BROADCAST &gt;&gt;<\/a><br \/>\n18:00\u201322:00 <strong>Folk Festival<\/strong>, Narva Castle<br \/>\n&#8211; 18:15 Ts\u00f5n\u00f5n\u00f5 kuubis<br \/>\n&#8211; 18:50 <a href=\"https:\/\/naisedkoogis.ee\/en\" target=\"_blank\" rel=\"noopener\">Naised K\u00f6\u00f6gis<\/a><br \/>\n&#8211; 20:15 Young folk musicians from Kivi\u00f5li<br \/>\n&#8211; 20:45 <a href=\"https:\/\/www.facebook.com\/zetodofficial\/\" target=\"_blank\" rel=\"noopener\">Zetod<\/a> (Setomaa)<br \/>\n20:30 CONCERT<a href=\"https:\/\/estofestival.com\/en\/sweedest-song-our-stories-and-songs\/\" target=\"_blank\" rel=\"noopener\">\u00a0SweedEst Song<\/a> (Sweden), Narva Castle, Reconditorium, seats by pre\u2013registration<br \/>\n22:30\u201323:50 <a href=\"https:\/\/estofestival.com\/en\/esto-special-cruise-boat-trip-on-the-narva-river\/\" target=\"_blank\" rel=\"noopener\">ESTO SPECIAL CRUISE Boat trip on the Narva river<\/a>, Narva port<\/p>\n<p><strong>Sport<\/strong><br \/>\n9:00\u201315:00 <a href=\"https:\/\/www.jooks.ee\/en\/narva\/10-about\" target=\"_blank\" rel=\"noopener\">Narva City Run<\/a><br \/>\n10:00 Limpa Kids\u00b4 Race. Read more <a href=\"https:\/\/www.jooks.ee\/en\/narva\/10-about\" target=\"_blank\" rel=\"noopener\">HERE &gt;&gt;<\/a><br \/>\n11:00 5 km run, race walk, Nordic walking (pole walking)<br \/>\n12:00 10 km run, race walk, Nordic walking (pole walking)<\/p>\n<h3><em>Monday, 30 June<\/em><\/h3>\n<p>10:00\u201317:00 FUTURE FORUM <a href=\"https:\/\/estofestival.com\/en\/future-forum-opportunities-in-ida-viru-county-security-development-jobs-business-and-tourism\/\" target=\"_blank\" rel=\"noopener\">&#8220;Opportunities in Ida-Viru County: Security, Development, Jobs, Business, and Tourism&#8221;.<\/a> Narva-J\u00f5esuu, Narva, Sillam\u00e4e, Tallinn. <a href=\"https:\/\/estofestival.com\/en\/future-forum-opportunities-in-ida-viru-county-security-development-jobs-business-and-tourism-watch-the-live-broadcast\/\" target=\"_blank\" rel=\"noopener\">WATCH THE LIVE BROADCAST &gt;&gt;<\/a><\/p>\n<p><strong>Excursions<br \/>\n<\/strong>9:00\u201310:00 <a href=\"https:\/\/estofestival.com\/en\/narva-joesuu-ethnography-museum\/\" target=\"_blank\" rel=\"noopener\">Narva-J\u00f5esuu Ethnography Museum<\/a>, Nurme 38<br \/>\n10:00\u201311:30 <a href=\"https:\/\/estofestival.com\/en\/history-of-narva-joesuu\/\" target=\"_blank\" rel=\"noopener\">History of Narva-J\u00f5esuu<\/a><br \/>\n11:30\u201312:00 <a href=\"https:\/\/estofestival.com\/en\/narva-joesuu-lighthouse\/\" target=\"_blank\" rel=\"noopener\">Narva\u2013J\u00f5esuu lighthouse<\/a>, Tuletorni 3<br \/>\n<strong>Excursion packages<br \/>\n<\/strong>11:40\u201322:00 Package 1: <a href=\"https:\/\/estofestival.com\/en\/package-1-boat-trip-from-narva-joesuu-to-narva-kreenholm-sinimaed-liimala-tallinn\/\" target=\"_blank\" rel=\"noopener\">Boat trip from Narva-J\u00f5esuu to Narva &#8211; Kreenholm &#8211; Sinim\u00e4ed &#8211; Liimala &#8211; Tallinn<\/a><br \/>\n14.15\u201322.30 Package 2: <a href=\"https:\/\/estofestival.com\/en\/package-3-sinimaed-1944-sillamae-toila-1938-tallinn\/\" target=\"_blank\" rel=\"noopener\">Sinim\u00e4ed 1944 \u2013 Sillam\u00e4e \u2013 Toila 1938 \u2013 Tallinn<\/a><\/p>\n<p>21:00 <strong>Secret pub<\/strong>, Restaurant \u201cSlava Ukraini\u201d &#8211; CANCELED!<a id=\"tal\"><\/a><\/p>\n<hr \/>\n<h2><strong><span style=\"color: var(--td_text_color, #111111); font-size: 32px;\">TALLINN<\/span><\/strong><\/h2>\n<p>* 29.06 18:00 FILM <a href=\"https:\/\/www.kino.ee\/eng\/event\/7335\/the_paradox_of_seabrook_farms?theatreAreaID=1002\" target=\"_blank\" rel=\"noopener\">\u201cThe Paradox of Seabrook Farms\u201d<\/a>, Kino Artis<br \/>\n* 30.06 21:00 <strong>Secret pub<\/strong>, Restaurant \u201cSlava Ukraini\u201d, Kopli 2c, Tallinn<\/p>\n<h3><em>Tuesday, 1 July<\/em><\/h3>\n<p>10:00<a href=\"https:\/\/estofestival.com\/en\/global-estonian-diaspora-networking-day\/\" target=\"_blank\" rel=\"noopener\"> #NETWORKS, meetings &amp; exhibitions<\/a>, Kultuurikatel, Kursi 3. <a href=\"https:\/\/estofestival.com\/en\/global-estonian-diaspora-networking-day-watch-the-live-broadcast\/\" target=\"_blank\" rel=\"noopener\">WATCH THE LIVE BROADCAST &gt;&gt;<\/a><br \/>\n9.00 <a href=\"https:\/\/docs.google.com\/forms\/d\/e\/1FAIpQLSeRdE2-yFzXRvUNt28bUsd1wGEzxo1Nt56RlJZX9l5GrxjQwA\/viewform\" target=\"_blank\" rel=\"noopener\">Registration and coffee<\/a><br \/>\n<strong><span style=\"font-weight: 400;\">Registration is open <a href=\"https:\/\/docs.google.com\/forms\/d\/e\/1FAIpQLSeRdE2-yFzXRvUNt28bUsd1wGEzxo1Nt56RlJZX9l5GrxjQwA\/viewform\" target=\"_blank\" rel=\"noopener\">HERE &gt;&gt;<\/a><br \/>\n<\/span><\/strong>&#8211; Estonian schools and summer camps abroad<br \/>\n&#8211; Estonian houses, outdoor associations (campgrounds, etc.) abroad<br \/>\n&#8211; Estonian diaspora media and communication networks abroad<br \/>\n&#8211; Estonian archives, libraries and the preservation of Estonian memory abroad<br \/>\n&#8211; Estonian churches and congregations abroad<br \/>\n&#8211; Estonian academics abroad<br \/>\n&#8211; Estonian sororities and fraternities abroad<br \/>\n&#8211; Estonian folk culture abroad (choirs, dance groups, theatre and ethnographic circles)<br \/>\n&#8211; Estonian artists and art collections abroad<br \/>\n&#8211; Estonian writers &amp; translators abroad<br \/>\n9:00 <a href=\"https:\/\/vm.ee\/en\/global-estonians-business-network-event\" target=\"_blank\" rel=\"noopener\">Global Estonians\u2019 Business Network<\/a>: Uncharted resource for Estonian companies. Free admission, Chambers of Commerce and Business Diplomacy Advocates Abroad<\/p>\n<p><strong>Sport<\/strong><br \/>\n&#8211; Volleyball Tournament- <span style=\"font-weight: 400;\">Registration is open <a href=\"https:\/\/docs.google.com\/forms\/d\/e\/1FAIpQLSddCDPR5Vf8IwkC_TAxhY4d_w4rVNNGCW6wnO_0WdfCgLXOZw\/viewform\" target=\"_blank\" rel=\"noopener\">HERE &gt;&gt;<\/a><br \/>\n<\/span>9:00\u201312:00 Indoor, <a href=\"https:\/\/www.tallinn.ee\/et\/sole-spordikeskus\/sole-spordikeskus-1\" target=\"_blank\" rel=\"noopener\">S\u00f5le Spordikeskus<\/a>, S\u00f5le 40 A<br \/>\n13:00\u201318:00 Beach, <a href=\"https:\/\/www.terasbeach.ee\/en\/\" target=\"_blank\" rel=\"noopener\">Teras Beach<\/a>, L\u00f5uka 6<\/p>\n<p>18:00 FILM <a href=\"https:\/\/vabamu.ee\/events\/filmiohtu-the-paradox-of-seabrook-farms\/\" target=\"_blank\" rel=\"noopener\">\u201cThe Paradox of Seabrook Farms\u201d<\/a>, Vabamu, Toompea tn 8b<br \/>\n18:00 <strong>Secret pub<\/strong> &#8211; <strong><a href=\"https:\/\/globalestonian.com\/en\/node\/7758\" target=\"_blank\" rel=\"noopener\">Canada Day<\/a><\/strong>, P\u00f5hjala, Peetri 5<\/p>\n<h3><em>Wednesday, 2 July<\/em><\/h3>\n<p>10:00 <a href=\"https:\/\/estofestival.com\/en\/international-congress-of-estonian-organizations-our-collective-memory\/\" target=\"_blank\" rel=\"noopener\">International Congress of Estonian Organisations: Our Collective Memory<\/a>, Radisson Collection, R\u00e4vala 3. <a href=\"https:\/\/estofestival.com\/en\/international-congress-of-estonian-organizations-our-collective-memory-watch-the-live-broadcast\/\" target=\"_blank\" rel=\"noopener\">WATCH THE LIVE BROADCAST &gt;&gt;<\/a><br \/>\n9.00 Registration and coffee<br \/>\n<strong><span style=\"font-weight: 400;\">Registration is open <a href=\"https:\/\/docs.google.com\/forms\/d\/e\/1FAIpQLSdIqPDNiYgDwbD8UdcmpLTXHx5RwhjAD4qe-2M0QXEOaAvfPw\/viewform\" target=\"_blank\" rel=\"noopener\">HERE &gt;&gt;<\/a><\/span><\/strong><\/p>\n<p>11:00\u201316:00 <strong>Youth Sports Day<\/strong>. Registration is open <a href=\"https:\/\/forms.gle\/tdcMy4hnMTpXoGfE8\" target=\"_blank\" rel=\"noopener\">HERE &gt;&gt;<\/a><br \/>\n&#8211; Basketball<br \/>\n&#8211; Football<br \/>\n&#8211; Table tennis<br \/>\n&#8211; Running competitions<br \/>\nSnelli Stadium, Toompuiestee 24 A<\/p>\n<p>12:00 <strong>Excursion<\/strong> <a href=\"https:\/\/estofestival.com\/ekskursioon-tallinna-iidsed-lood\/\" target=\"_blank\" rel=\"noopener\">Ancient Tales of Tallinn<\/a>, Niguliste 2 (in Estonian)<br \/>\n19:30 <strong><a href=\"https:\/\/estofestival.com\/en\/esto-gala-evening-tickets-are-now-available\/\">ESTO Gala<\/a><\/strong>, Seaplane Harbour (Lennusadam), Vesilennuki 6<\/p>\n<p>21:00 <strong>Secret pub<\/strong>, Restaurant \u201cSlava Ukraini\u201d, Kopli 2c<\/p>\n<h3><em>Thursday, July 3<\/em><\/h3>\n<p>12:00\u201313:00 <strong>Memorial Ceremony<\/strong> at the Communist Victims Memorial, Maarjam\u00e4e<br \/>\n16:00\u201318:00 <strong>Guided tour<\/strong> of <a href=\"https:\/\/forms.gle\/jz71EJ99yySS7w4m7\" target=\"_blank\" rel=\"noopener\">Estonia\u2019s Representative Building<\/a> at Toompea<br \/>\n20:00 CONCERT <a href=\"https:\/\/www.piletitasku.ee\/en\/event\/8260\" target=\"_blank\" rel=\"noopener\">SweedEst Song \u201cSauna taga\u201d<\/a>, (Sweden), Fotografiska, Telliskivi 60a\u20138<\/p>\n<h3><em>Friday, July 4<\/em><\/h3>\n<p>18:00 FILM <a href=\"https:\/\/www.kino.ee\/eng\/event\/7352\/the_little_boys_escape_to_the_west?theatreAreaID=1002&amp;fromLang=1001\" target=\"_blank\" rel=\"noopener\">\u201cThe Little Boy\u2019s Escape to the West\u201d<\/a>, Q&amp;A and music after screening, Kino Artis<br \/>\n21:00\u00a0 <a href=\"https:\/\/estofestival.com\/en\/secretsonganddanceparty-usa-night\/\" target=\"_blank\" rel=\"noopener\">SecretSongAndDanceParty &#8211; <strong>USA Night<\/strong><\/a>, Fotografiska, Telliskivi 60a-8<\/p>\n<p>* 2\u20134 July, 11:00\u201318:00 <a href=\"https:\/\/www.visittallinn.ee\/eng\/visitor\/see-do\/things-to-do\/attractions-museums\/181256\/virtual-reality-tour-%E2%80%9Dvr-tallinn-193944%E2%80%9D-part-i\" target=\"_blank\" rel=\"noopener\">Virtual Reality Time Travel \u2014 VR Tallinn 1939\/44<\/a><br \/>\nContact the office in the pedestrian tunnel at Freedom Square, across from the R\u2013Kiosk<\/p>\n","protected":false},"excerpt":{"rendered":"<p>STOCKHOLM\u00a0 |\u00a0 NARVA\u00a0 |\u00a0 TALLINN STOCKHOLM Wednesday, 25 June ESTO Eve 17:00\u201318:30 TOUR Estonian Cultural Trails, Skogskyrkog\u00e5rden 20:00\u201321:00 CONCERT Cyrillius Kreek\u2019s \u201cRequiem\u201d, Church of Catherine, H\u00f6gbergsgatan 13 A\u00a0 18:00\u201300:00 ESTO Eve, Estonian House, Wallingatan 34 &#8211; 19:00 Violin ensemble Viiulised and Rae Hobby School Folk Music Ensemble &#8211; 22:30 Youth party, jazz club 21:00\u201300:00 ESTO [&hellip;]<\/p>\n","protected":false},"author":1,"featured_media":0,"parent":0,"menu_order":0,"comment_status":"closed","ping_status":"closed","template":"","meta":{"footnotes":"","_links_to":"","_links_to_target":""},"_links":{"self":[{"href":"https:\/\/estofestival.com\/en\/wp-json\/wp\/v2\/pages\/2489"}],"collection":[{"href":"https:\/\/estofestival.com\/en\/wp-json\/wp\/v2\/pages"}],"about":[{"href":"https:\/\/estofestival.com\/en\/wp-json\/wp\/v2\/types\/page"}],"author":[{"embeddable":true,"href":"https:\/\/estofestival.com\/en\/wp-json\/wp\/v2\/users\/1"}],"replies":[{"embeddable":true,"href":"https:\/\/estofestival.com\/en\/wp-json\/wp\/v2\/comments?post=2489"}],"version-history":[{"count":106,"href":"https:\/\/estofestival.com\/en\/wp-json\/wp\/v2\/pages\/2489\/revisions"}],"predecessor-version":[{"id":7742,"href":"https:\/\/estofestival.com\/en\/wp-json\/wp\/v2\/pages\/2489\/revisions\/7742"}],"wp:attachment":[{"href":"https:\/\/estofestival.com\/en\/wp-json\/wp\/v2\/media?parent=2489"}],"curies":[{"name":"wp","href":"https:\/\/api.w.org\/{rel}","templated":true}]}}