{"id":7026,"date":"2025-04-30T14:52:06","date_gmt":"2025-04-30T11:52:06","guid":{"rendered":"https:\/\/estofestival.com\/?page_id=7026"},"modified":"2025-09-25T15:04:15","modified_gmt":"2025-09-25T12:04:15","slug":"partners-and-sponsors","status":"publish","type":"page","link":"https:\/\/estofestival.com\/en\/partners-and-sponsors\/","title":{"rendered":"Partners and Sponsors"},"content":{"rendered":"<div class=\"wpb-content-wrapper\"><div id=\"tdi_1\" class=\"tdc-row\"><div class=\"vc_row tdi_2  wpb_row td-pb-row\" >\n<style scoped>\n\/* custom css - generated by TagDiv Composer *\/\n\n\/* custom css - generated by TagDiv Composer *\/\n\/* custom css - generated by TagDiv Composer *\/\n.tdi_2,\r\n                .tdi_2 .tdc-columns{\r\n                    min-height: 0;\r\n                }.tdi_2,\r\n\t\t\t\t.tdi_2 .tdc-columns{\r\n\t\t\t\t    display: block;\r\n\t\t\t\t}.tdi_2 .tdc-columns{\r\n\t\t\t\t    width: 100%;\r\n\t\t\t\t}\n<\/style><div class=\"vc_column tdi_4  wpb_column vc_column_container tdc-column td-pb-span12\">\n<style scoped>\n\/* custom css - generated by TagDiv Composer *\/\n\n\/* custom css - generated by TagDiv Composer *\/\n\/* custom css - generated by TagDiv Composer *\/\n.tdi_4{\r\n                    vertical-align: baseline;\r\n                }.tdi_4 > .wpb_wrapper,\r\n\t\t\t\t.tdi_4 > .wpb_wrapper > .tdc-elements{\r\n\t\t\t\t    display: block;\r\n\t\t\t\t}.tdi_4 > .wpb_wrapper > .tdc-elements{\r\n\t\t\t\t    width: 100%;\r\n\t\t\t\t}.tdi_4 > .wpb_wrapper > .vc_row_inner{\r\n\t\t\t\t    width: auto;\r\n\t\t\t\t}.tdi_4 > .wpb_wrapper{\r\n\t\t\t\t    width: auto;\r\n\t\t\t\t    height: auto;\r\n\t\t\t\t}\n<\/style><div class=\"wpb_wrapper\" >[vc_column_text css=&#8221;.vc_custom_1746013293196{margin-top: 100px !important;margin-bottom: 60px !important;}&#8221;]<\/p>\r\n<h2 style=\"text-align: center;\"><span style=\"font-size: 24pt;\"><strong>Main Sponsors<\/strong><\/span><\/h2>\r\n<p>[\/vc_column_text][vc_media_grid gap=&#8221;20&#8243; item=&#8221;masonryMedia_Default&#8221; grid_id=&#8221;vc_gid:1758801772603-be251408-974f-5&#8243; include=&#8221;6941,6925,6919,6927,6935,7019,7017,7015,7794&#8243;]<div class=\"vc_row_inner vc_custom_1746008127384 tdi_6  vc_row vc_inner wpb_row td-pb-row\" >\n<style scoped>\n\/* custom css - generated by TagDiv Composer *\/\n\n\/* tdc_composer_block - inline css att *\/\n.vc_custom_1746008127384{margin-top: 30px !important;}\n\/* custom css - generated by TagDiv Composer *\/\n\/* custom css - generated by TagDiv Composer *\/\n.tdi_6{\r\n                    position: relative !important;\r\n                    top: 0;\r\n                    transform: none;\r\n                    -webkit-transform: none;\r\n                }.tdi_6,\r\n\t\t\t\t.tdi_6 .tdc-inner-columns{\r\n\t\t\t\t    display: block;\r\n\t\t\t\t}.tdi_6 .tdc-inner-columns{\r\n\t\t\t\t    width: 100%;\r\n\t\t\t\t}\n<\/style><div class=\"vc_column_inner tdi_8  wpb_column vc_column_container tdc-inner-column td-pb-span12\">\n<style scoped>\n\/* custom css - generated by TagDiv Composer *\/\n\n\/* custom css - generated by TagDiv Composer *\/\n\/* custom css - generated by TagDiv Composer *\/\n.tdi_8{\r\n                    vertical-align: baseline;\r\n                }.tdi_8 .vc_column-inner > .wpb_wrapper,\r\n\t\t\t\t.tdi_8 .vc_column-inner > .wpb_wrapper .tdc-elements{\r\n\t\t\t\t    display: block;\r\n\t\t\t\t}.tdi_8 .vc_column-inner > .wpb_wrapper .tdc-elements{\r\n\t\t\t\t    width: 100%;\r\n\t\t\t\t}\n<\/style><div class=\"vc_column-inner\"><div class=\"wpb_wrapper\" >[vc_column_text]<\/p>\r\n<p style=\"text-align: center;\">\u00dclemaailmne Eesti Keskn\u00f5ukogu\u00a0 \u00a0\u2022\u00a0 \u00a0Eesti Kultuurkapital\u00a0 \u00a0\u2022\u00a0 \u00a0Eesti Rahvakultuuri Keskus\u00a0 \u00a0\u2022\u00a0 \u00a0Narva Linnavalitsus\u00a0 \u00a0\u2022\u00a0 \u00a0Eesti Haridus- ja Teadusministeerium\u00a0 \u00a0\u2022\u00a0 \u00a0Eesti Kultuuriministeerium\u00a0 \u00a0 \u00a0Eesti V\u00e4lisministeerium\u00a0 \u00a0\u2022\u00a0 \u00a0Tallinna Linnavalitsus\u00a0 \u00a0\u2022\u00a0 \u00a0Narva-J\u00f5esuu Linnavalitsus\u00a0 \u00a0\u2022\u00a0 \u00a0Kaasrahastanud Euroopa Liit<\/p>\r\n<p>[\/vc_column_text][vc_column_text][\/vc_column_text]<\/div><\/div><\/div><\/div>[vc_column_text css=&#8221;.vc_custom_1746013316128{margin-top: 100px !important;margin-bottom: 60px !important;}&#8221;]<\/p>\r\n<h2 style=\"text-align: center;\"><span style=\"font-size: 24pt;\"><strong>Sponsors<\/strong><\/span><\/h2>\r\n<p>[\/vc_column_text][vc_media_grid element_width=&#8221;3&#8243; gap=&#8221;20&#8243; item=&#8221;masonryMedia_Default&#8221; grid_id=&#8221;vc_gid:1758801772604-fac1fcd2-a9f9-8&#8243; include=&#8221;6987,6862,6983,6985,6921,7058,7056,6923,6856&#8243;]<div class=\"vc_row_inner vc_custom_1746008134597 tdi_10  vc_row vc_inner wpb_row td-pb-row\" >\n<style scoped>\n\/* custom css - generated by TagDiv Composer *\/\n\n\/* tdc_composer_block - inline css att *\/\n.vc_custom_1746008134597{margin-top: 30px !important;}\n\/* custom css - generated by TagDiv Composer *\/\n\/* custom css - generated by TagDiv Composer *\/\n.tdi_10{\r\n                    position: relative !important;\r\n                    top: 0;\r\n                    transform: none;\r\n                    -webkit-transform: none;\r\n                }.tdi_10,\r\n\t\t\t\t.tdi_10 .tdc-inner-columns{\r\n\t\t\t\t    display: block;\r\n\t\t\t\t}.tdi_10 .tdc-inner-columns{\r\n\t\t\t\t    width: 100%;\r\n\t\t\t\t}\n<\/style><div class=\"vc_column_inner tdi_12  wpb_column vc_column_container tdc-inner-column td-pb-span12\">\n<style scoped>\n\/* custom css - generated by TagDiv Composer *\/\n\n\/* custom css - generated by TagDiv Composer *\/\n\/* custom css - generated by TagDiv Composer *\/\n.tdi_12{\r\n                    vertical-align: baseline;\r\n                }.tdi_12 .vc_column-inner > .wpb_wrapper,\r\n\t\t\t\t.tdi_12 .vc_column-inner > .wpb_wrapper .tdc-elements{\r\n\t\t\t\t    display: block;\r\n\t\t\t\t}.tdi_12 .vc_column-inner > .wpb_wrapper .tdc-elements{\r\n\t\t\t\t    width: 100%;\r\n\t\t\t\t}\n<\/style><div class=\"vc_column-inner\"><div class=\"wpb_wrapper\" >[vc_column_text]<\/p>\r\n<p style=\"text-align: center;\">Narva-J\u00f5esuu Linnavalitsus\u00a0 \u00a0\u2022\u00a0 \u00a0Ida-Viru Investeeringute Asutus (IVIA)\u00a0 \u00a0\u2022\u00a0 \u00a0Ida-Viru Ettev\u00f5tluskeskus (IVEK)\u00a0 \u00a0\u2022\u00a0 \u00a0Ida-Virumaa Omavalitsuste Liit\u00a0 \u00a0\u2022\u00a0 \u00a0Euroopa Komisjoni Esindus Eestis\u00a0 \u00a0\u2022\u00a0 \u00a0TalTech Virumaa kolled\u017e\u00a0 \u00a0\u2022\u00a0 \u00a0Eesti Rahvuskultuuri Fond\u00a0 \u00a0\u2022\u00a0 \u00a0Eesti Integratsiooni Sihtasutus\u00a0 \u00a0\u2022\u00a0 \u00a0Eesti Komitee Fond\u00a0 \u00a0\u2022\u00a0 \u00a0Eesti Kultuuri Koondis Rootsis\u00a0 \u00a0\u2022\u00a0 \u00a0Rootsi kaitsev\u00e4gi F\u00f6rsvarsmakten\u00a0 \u00a0\u2022\u00a0 Rootsi naiskaitseorganisatsioon Lottak\u00e5ren<\/p>\r\n<p>[\/vc_column_text][vc_column_text][\/vc_column_text][vc_column_text][\/vc_column_text]<\/div><\/div><\/div><\/div>[vc_column_text css=&#8221;.vc_custom_1746013337819{margin-top: 100px !important;margin-bottom: 60px !important;}&#8221;]<\/p>\r\n<h2 style=\"text-align: center;\"><span style=\"font-size: 24pt;\"><strong>Strategic Partners<\/strong><\/span><\/h2>\r\n<p>[\/vc_column_text][vc_media_grid element_width=&#8221;2&#8243; gap=&#8221;20&#8243; item=&#8221;masonryMedia_Default&#8221; grid_id=&#8221;vc_gid:1758801772605-c7c39c2a-e12f-1&#8243; include=&#8221;6886,6979,6858,6852,6854,6872,6888,6981,6880,6884,6874,6876,6882,6989,6939,7650,6931,6868,6878,6943,6915,6917,6892,7065,7094,7646,7667&#8243;]<div class=\"vc_row_inner vc_custom_1745406523253 tdi_14  vc_row vc_inner wpb_row td-pb-row\" >\n<style scoped>\n\/* custom css - generated by TagDiv Composer *\/\n\n\/* tdc_composer_block - inline css att *\/\n.vc_custom_1745406523253{margin-top: 60px !important;}\n\/* custom css - generated by TagDiv Composer *\/\n\/* custom css - generated by TagDiv Composer *\/\n.tdi_14{\r\n                    position: relative !important;\r\n                    top: 0;\r\n                    transform: none;\r\n                    -webkit-transform: none;\r\n                }.tdi_14,\r\n\t\t\t\t.tdi_14 .tdc-inner-columns{\r\n\t\t\t\t    display: block;\r\n\t\t\t\t}.tdi_14 .tdc-inner-columns{\r\n\t\t\t\t    width: 100%;\r\n\t\t\t\t}\n<\/style><div class=\"vc_column_inner tdi_16  wpb_column vc_column_container tdc-inner-column td-pb-span12\">\n<style scoped>\n\/* custom css - generated by TagDiv Composer *\/\n\n\/* custom css - generated by TagDiv Composer *\/\n\/* custom css - generated by TagDiv Composer *\/\n.tdi_16{\r\n                    vertical-align: baseline;\r\n                }.tdi_16 .vc_column-inner > .wpb_wrapper,\r\n\t\t\t\t.tdi_16 .vc_column-inner > .wpb_wrapper .tdc-elements{\r\n\t\t\t\t    display: block;\r\n\t\t\t\t}.tdi_16 .vc_column-inner > .wpb_wrapper .tdc-elements{\r\n\t\t\t\t    width: 100%;\r\n\t\t\t\t}\n<\/style><div class=\"vc_column-inner\"><div class=\"wpb_wrapper\" >[vc_column_text]<\/p>\r\n<p style=\"text-align: center;\">\u00dclemaailmne Eesti Noortev\u00f5rgustik\u00a0 \u00a0\u2022\u00a0 \u00a0EELK\u00a0 \u00a0\u2022\u00a0 \u00a0Laulu- ja tantsupeo Sihtasutus\u00a0 \u00a0\u2022\u00a0 \u00a0Eesti Elu\u00a0 \u00a0\u2022\u00a0 \u00a0Eesti Rada\u00a0 \u00a0\u2022\u00a0 \u00a0Rahvuslik Kontakt\u00a0 \u00a0\u2022\u00a0 \u00a0Eesti Vaba S\u00f5na\u00a0 \u00a0\u2022\u00a0 \u00a0Global Estonian\u00a0 \u00a0\u2022\u00a0 \u00a0Aha! kommunikation<\/p>\r\n<p>[\/vc_column_text]<\/div><\/div><\/div><\/div><div class=\"vc_row_inner vc_custom_1745406523253 tdi_18  vc_row vc_inner wpb_row td-pb-row\" >\n<style scoped>\n\/* custom css - generated by TagDiv Composer *\/\n\n\/* tdc_composer_block - inline css att *\/\n.vc_custom_1745406523253{margin-top: 60px !important;}\n\/* custom css - generated by TagDiv Composer *\/\n\/* custom css - generated by TagDiv Composer *\/\n.tdi_18{\r\n                    position: relative !important;\r\n                    top: 0;\r\n                    transform: none;\r\n                    -webkit-transform: none;\r\n                }.tdi_18,\r\n\t\t\t\t.tdi_18 .tdc-inner-columns{\r\n\t\t\t\t    display: block;\r\n\t\t\t\t}.tdi_18 .tdc-inner-columns{\r\n\t\t\t\t    width: 100%;\r\n\t\t\t\t}\n<\/style><div class=\"vc_column_inner tdi_20  wpb_column vc_column_container tdc-inner-column td-pb-span4\">\n<style scoped>\n\/* custom css - generated by TagDiv Composer *\/\n\n\/* custom css - generated by TagDiv Composer *\/\n\/* custom css - generated by TagDiv Composer *\/\n.tdi_20{\r\n                    vertical-align: baseline;\r\n                }.tdi_20 .vc_column-inner > .wpb_wrapper,\r\n\t\t\t\t.tdi_20 .vc_column-inner > .wpb_wrapper .tdc-elements{\r\n\t\t\t\t    display: block;\r\n\t\t\t\t}.tdi_20 .vc_column-inner > .wpb_wrapper .tdc-elements{\r\n\t\t\t\t    width: 100%;\r\n\t\t\t\t}\n<\/style><div class=\"vc_column-inner\"><div class=\"wpb_wrapper\" >[vc_column_text]<\/p>\r\n<h3 style=\"text-align: center;\">Stockholm<\/h3>\r\n<p style=\"text-align: center;\">AB Eesti Maja Estniska Huset<br \/>\r\nRootsi Eestlaste Liit<br \/>\r\nEesti Suursaatkond Stockholmis<br \/>\r\nSvenska Kyrkan<br \/>\r\nStockholmi Eesti Kool<br \/>\r\nScalateater<br \/>\r\nPeter Transport<\/p>\r\n<p>[\/vc_column_text]<\/div><\/div><\/div><div class=\"vc_column_inner tdi_22  wpb_column vc_column_container tdc-inner-column td-pb-span4\">\n<style scoped>\n\/* custom css - generated by TagDiv Composer *\/\n\n\/* custom css - generated by TagDiv Composer *\/\n\/* custom css - generated by TagDiv Composer *\/\n.tdi_22{\r\n                    vertical-align: baseline;\r\n                }.tdi_22 .vc_column-inner > .wpb_wrapper,\r\n\t\t\t\t.tdi_22 .vc_column-inner > .wpb_wrapper .tdc-elements{\r\n\t\t\t\t    display: block;\r\n\t\t\t\t}.tdi_22 .vc_column-inner > .wpb_wrapper .tdc-elements{\r\n\t\t\t\t    width: 100%;\r\n\t\t\t\t}\n<\/style><div class=\"vc_column-inner\"><div class=\"wpb_wrapper\" >[vc_column_text]<\/p>\r\n<h3 style=\"text-align: center;\">Narva<\/h3>\r\n<p style=\"text-align: center;\">Tartu \u00fclikooli Narva Kolled\u017e<br \/>\r\nTartu \u00fclikool &#8211; mitmekeelsuse keskus<br \/>\r\nSillam\u00e4e Linnavalitsus<br \/>\r\nSillam\u00e4e sadam<br \/>\r\nNarva Eesti G\u00fcmnaasium<br \/>\r\nSillam\u00e4e Eesti G\u00fcmnaasium<br \/>\r\nKohtla-J\u00e4rve G\u00fcmnaasium<br \/>\r\nESTO k\u00e4sit\u00f6\u00f6- ja toidulaada korraldaja Narva linnuses on Wildstream koost\u00f6\u00f6s MT\u00dc-ga Aktiivsed Noored<br \/>\r\nMT\u00dc Aktiivsed Noored<\/p>\r\n<h3>\u00a0<\/h3>\r\n<p>[\/vc_column_text]<\/div><\/div><\/div><div class=\"vc_column_inner tdi_24  wpb_column vc_column_container tdc-inner-column td-pb-span4\">\n<style scoped>\n\/* custom css - generated by TagDiv Composer *\/\n\n\/* custom css - generated by TagDiv Composer *\/\n\/* custom css - generated by TagDiv Composer *\/\n.tdi_24{\r\n                    vertical-align: baseline;\r\n                }.tdi_24 .vc_column-inner > .wpb_wrapper,\r\n\t\t\t\t.tdi_24 .vc_column-inner > .wpb_wrapper .tdc-elements{\r\n\t\t\t\t    display: block;\r\n\t\t\t\t}.tdi_24 .vc_column-inner > .wpb_wrapper .tdc-elements{\r\n\t\t\t\t    width: 100%;\r\n\t\t\t\t}\n<\/style><div class=\"vc_column-inner\"><div class=\"wpb_wrapper\" >[vc_column_text]<\/p>\r\n<h3 style=\"text-align: center;\">Tallinn<\/h3>\r\n<p style=\"text-align: center;\">Eesti Keele Instituut<br \/>\r\nEesti M\u00e4lu Instituut<br \/>\r\nVEMU<br \/>\r\nBaltic Heritage Network<\/p>\r\n<p>[\/vc_column_text]<\/div><\/div><\/div><\/div><div class=\"vc_row_inner tdi_26  vc_row vc_inner wpb_row td-pb-row\" >\n<style scoped>\n\/* custom css - generated by TagDiv Composer *\/\n\n\/* custom css - generated by TagDiv Composer *\/\n\/* custom css - generated by TagDiv Composer *\/\n.tdi_26{\r\n                    position: relative !important;\r\n                    top: 0;\r\n                    transform: none;\r\n                    -webkit-transform: none;\r\n                }.tdi_26,\r\n\t\t\t\t.tdi_26 .tdc-inner-columns{\r\n\t\t\t\t    display: block;\r\n\t\t\t\t}.tdi_26 .tdc-inner-columns{\r\n\t\t\t\t    width: 100%;\r\n\t\t\t\t}\n<\/style><div class=\"vc_column_inner tdi_28  wpb_column vc_column_container tdc-inner-column td-pb-span12\">\n<style scoped>\n\/* custom css - generated by TagDiv Composer *\/\n\n\/* custom css - generated by TagDiv Composer *\/\n\/* custom css - generated by TagDiv Composer *\/\n.tdi_28{\r\n                    vertical-align: baseline;\r\n                }.tdi_28 .vc_column-inner > .wpb_wrapper,\r\n\t\t\t\t.tdi_28 .vc_column-inner > .wpb_wrapper .tdc-elements{\r\n\t\t\t\t    display: block;\r\n\t\t\t\t}.tdi_28 .vc_column-inner > .wpb_wrapper .tdc-elements{\r\n\t\t\t\t    width: 100%;\r\n\t\t\t\t}\n<\/style><div class=\"vc_column-inner\"><div class=\"wpb_wrapper\" >[vc_column_text]<\/p>\r\n<p style=\"text-align: center;\"><strong>Translation<\/strong>\u00a0(Estonian&lt;\u2013&gt;English) Siiri E. Iismaa PhD<br \/>\r\n<strong>ESTO souvenirs are brought to you by<\/strong> Sokisahtel<\/p>\r\n<p>[\/vc_column_text]<\/div><\/div><\/div><\/div>[vc_column_text css=&#8221;.vc_custom_1746013349486{margin-top: 100px !important;margin-bottom: 60px !important;}&#8221;]<\/p>\r\n<h2 style=\"text-align: center;\"><span style=\"font-size: 24pt;\"><strong>Partners<\/strong><\/span><\/h2>\r\n<p>[\/vc_column_text][vc_media_grid element_width=&#8221;2&#8243; gap=&#8221;20&#8243; item=&#8221;masonryMedia_Default&#8221; grid_id=&#8221;vc_gid:1758801772606-6efcc72a-bfe4-1&#8243; include=&#8221;6991,6933,6870,6890,6864,6937,6929,6866,7038,7629,7715&#8243;]<div class=\"vc_row_inner vc_custom_1745406531616 tdi_30  vc_row vc_inner wpb_row td-pb-row\" >\n<style scoped>\n\/* custom css - generated by TagDiv Composer *\/\n\n\/* tdc_composer_block - inline css att *\/\n.vc_custom_1745406531616{margin-top: 60px !important;}\n\/* custom css - generated by TagDiv Composer *\/\n\/* custom css - generated by TagDiv Composer *\/\n.tdi_30{\r\n                    position: relative !important;\r\n                    top: 0;\r\n                    transform: none;\r\n                    -webkit-transform: none;\r\n                }.tdi_30,\r\n\t\t\t\t.tdi_30 .tdc-inner-columns{\r\n\t\t\t\t    display: block;\r\n\t\t\t\t}.tdi_30 .tdc-inner-columns{\r\n\t\t\t\t    width: 100%;\r\n\t\t\t\t}\n<\/style><div class=\"vc_column_inner tdi_32  wpb_column vc_column_container tdc-inner-column td-pb-span4\">\n<style scoped>\n\/* custom css - generated by TagDiv Composer *\/\n\n\/* custom css - generated by TagDiv Composer *\/\n\/* custom css - generated by TagDiv Composer *\/\n.tdi_32{\r\n                    vertical-align: baseline;\r\n                }.tdi_32 .vc_column-inner > .wpb_wrapper,\r\n\t\t\t\t.tdi_32 .vc_column-inner > .wpb_wrapper .tdc-elements{\r\n\t\t\t\t    display: block;\r\n\t\t\t\t}.tdi_32 .vc_column-inner > .wpb_wrapper .tdc-elements{\r\n\t\t\t\t    width: 100%;\r\n\t\t\t\t}\n<\/style><div class=\"vc_column-inner\"><div class=\"wpb_wrapper\" >[vc_column_text]<\/p>\r\n<h3 style=\"text-align: center;\">Stockholm<\/h3>\r\n<p style=\"text-align: center;\">Skansen<br \/>\r\nTallink<\/p>\r\n<p>[\/vc_column_text][vc_column_text][\/vc_column_text]<\/div><\/div><\/div><div class=\"vc_column_inner tdi_34  wpb_column vc_column_container tdc-inner-column td-pb-span4\">\n<style scoped>\n\/* custom css - generated by TagDiv Composer *\/\n\n\/* custom css - generated by TagDiv Composer *\/\n\/* custom css - generated by TagDiv Composer *\/\n.tdi_34{\r\n                    vertical-align: baseline;\r\n                }.tdi_34 .vc_column-inner > .wpb_wrapper,\r\n\t\t\t\t.tdi_34 .vc_column-inner > .wpb_wrapper .tdc-elements{\r\n\t\t\t\t    display: block;\r\n\t\t\t\t}.tdi_34 .vc_column-inner > .wpb_wrapper .tdc-elements{\r\n\t\t\t\t    width: 100%;\r\n\t\t\t\t}\n<\/style><div class=\"vc_column-inner\"><div class=\"wpb_wrapper\" >[vc_column_text]<\/p>\r\n<h3 style=\"text-align: center;\">Narva<\/h3>\r\n<p style=\"text-align: center;\">Narva Muuseum<br \/>\r\nVaba Lava<br \/>\r\nEvent Center<br \/>\r\nKohvik Kaar<\/p>\r\n<p>[\/vc_column_text]<\/div><\/div><\/div><div class=\"vc_column_inner tdi_36  wpb_column vc_column_container tdc-inner-column td-pb-span4\">\n<style scoped>\n\/* custom css - generated by TagDiv Composer *\/\n\n\/* custom css - generated by TagDiv Composer *\/\n\/* custom css - generated by TagDiv Composer *\/\n.tdi_36{\r\n                    vertical-align: baseline;\r\n                }.tdi_36 .vc_column-inner > .wpb_wrapper,\r\n\t\t\t\t.tdi_36 .vc_column-inner > .wpb_wrapper .tdc-elements{\r\n\t\t\t\t    display: block;\r\n\t\t\t\t}.tdi_36 .vc_column-inner > .wpb_wrapper .tdc-elements{\r\n\t\t\t\t    width: 100%;\r\n\t\t\t\t}\n<\/style><div class=\"vc_column-inner\"><div class=\"wpb_wrapper\" >[vc_column_text]<\/p>\r\n<h3 style=\"text-align: center;\">Tallinn<\/h3>\r\n<p style=\"text-align: center;\">Kultuurikatel<br \/>\r\nLennusadam<br \/>\r\nMaru Catering<br \/>\r\nTeras Beach<br \/>\r\nPiletitasku<\/p>\r\n<h3>\u00a0<\/h3>\r\n<p>[\/vc_column_text]<\/div><\/div><\/div><\/div><div class=\"vc_row_inner tdi_38  vc_row vc_inner wpb_row td-pb-row\" >\n<style scoped>\n\/* custom css - generated by TagDiv Composer *\/\n\n\/* custom css - generated by TagDiv Composer *\/\n\/* custom css - generated by TagDiv Composer *\/\n.tdi_38{\r\n                    position: relative !important;\r\n                    top: 0;\r\n                    transform: none;\r\n                    -webkit-transform: none;\r\n                }.tdi_38,\r\n\t\t\t\t.tdi_38 .tdc-inner-columns{\r\n\t\t\t\t    display: block;\r\n\t\t\t\t}.tdi_38 .tdc-inner-columns{\r\n\t\t\t\t    width: 100%;\r\n\t\t\t\t}\n<\/style><div class=\"vc_column_inner tdi_40  wpb_column vc_column_container tdc-inner-column td-pb-span12\">\n<style scoped>\n\/* custom css - generated by TagDiv Composer *\/\n\n\/* custom css - generated by TagDiv Composer *\/\n\/* custom css - generated by TagDiv Composer *\/\n.tdi_40{\r\n                    vertical-align: baseline;\r\n                }.tdi_40 .vc_column-inner > .wpb_wrapper,\r\n\t\t\t\t.tdi_40 .vc_column-inner > .wpb_wrapper .tdc-elements{\r\n\t\t\t\t    display: block;\r\n\t\t\t\t}.tdi_40 .vc_column-inner > .wpb_wrapper .tdc-elements{\r\n\t\t\t\t    width: 100%;\r\n\t\t\t\t}\n<\/style><div class=\"vc_column-inner\"><div class=\"wpb_wrapper\" >[vc_column_text]<\/p>\r\n<p style=\"text-align: center;\"><strong>Live broadcasts brought to you by<\/strong> Mind Media O\u00dc<br \/>\r\n<strong>The website is managed by<\/strong> Ideum Media O\u00dc<br \/>\r\n<strong>Design<\/strong> Senat Turundus O\u00dc<\/p>\r\n<p>[\/vc_column_text][vc_column_text][\/vc_column_text]<\/div><\/div><\/div><\/div><\/div><\/div><\/div><\/div><\/div>","protected":false},"excerpt":{"rendered":"[vc_column_text css=\".vc_custom_1746013293196{margin-top: 100px !important;margin-bottom: 60px !important;}\"] Main Sponsors [\/vc_column_text][vc_media_grid gap=\"20\" item=\"masonryMedia_Default\" grid_id=\"vc_gid:1758801772603-be251408-974f-5\" include=\"6941,6925,6919,6927,6935,7019,7017,7015,7794\"] [vc_column_text] \u00dclemaailmne Eesti Keskn\u00f5ukogu\u00a0 \u00a0\u2022\u00a0 \u00a0Eesti Kultuurkapital\u00a0 \u00a0\u2022\u00a0 \u00a0Eesti Rahvakultuuri Keskus\u00a0 \u00a0\u2022\u00a0 \u00a0Narva Linnavalitsus\u00a0 \u00a0\u2022\u00a0 \u00a0Eesti Haridus- ja Teadusministeerium\u00a0 \u00a0\u2022\u00a0 \u00a0Eesti Kultuuriministeerium\u00a0 \u00a0 \u00a0Eesti V\u00e4lisministeerium\u00a0 \u00a0\u2022\u00a0 \u00a0Tallinna Linnavalitsus\u00a0 \u00a0\u2022\u00a0 \u00a0Narva-J\u00f5esuu Linnavalitsus\u00a0 \u00a0\u2022\u00a0 \u00a0Kaasrahastanud Euroopa Liit [\/vc_column_text][vc_column_text][\/vc_column_text][vc_column_text css=\".vc_custom_1746013316128{margin-top: 100px !important;margin-bottom: 60px !important;}\"] Sponsors [...]","protected":false},"author":1,"featured_media":0,"parent":0,"menu_order":0,"comment_status":"closed","ping_status":"closed","template":"","meta":{"footnotes":"","_links_to":"","_links_to_target":""},"_links":{"self":[{"href":"https:\/\/estofestival.com\/en\/wp-json\/wp\/v2\/pages\/7026"}],"collection":[{"href":"https:\/\/estofestival.com\/en\/wp-json\/wp\/v2\/pages"}],"about":[{"href":"https:\/\/estofestival.com\/en\/wp-json\/wp\/v2\/types\/page"}],"author":[{"embeddable":true,"href":"https:\/\/estofestival.com\/en\/wp-json\/wp\/v2\/users\/1"}],"replies":[{"embeddable":true,"href":"https:\/\/estofestival.com\/en\/wp-json\/wp\/v2\/comments?post=7026"}],"version-history":[{"count":14,"href":"https:\/\/estofestival.com\/en\/wp-json\/wp\/v2\/pages\/7026\/revisions"}],"predecessor-version":[{"id":7796,"href":"https:\/\/estofestival.com\/en\/wp-json\/wp\/v2\/pages\/7026\/revisions\/7796"}],"wp:attachment":[{"href":"https:\/\/estofestival.com\/en\/wp-json\/wp\/v2\/media?parent=7026"}],"curies":[{"name":"wp","href":"https:\/\/api.w.org\/{rel}","templated":true}]}}